{"id":422,"date":"2024-09-12T11:51:58","date_gmt":"2024-09-12T11:51:58","guid":{"rendered":"https:\/\/cv.inf.elte.hu\/?page_id=422"},"modified":"2026-03-17T12:29:36","modified_gmt":"2026-03-17T12:29:36","slug":"education","status":"publish","type":"page","link":"https:\/\/cv.inf.elte.hu\/index.php\/education\/","title":{"rendered":"Education"},"content":{"rendered":"\n<p>Our educational activities involves the subjects as follows. For the details, click on the links.<\/p>\n\n\n\n<p><\/p>\n\n\n\n<p><em>In English<\/em><\/p>\n\n\n\n<ul class=\"wp-block-list\">\n<li><a href=\"https:\/\/cv.inf.elte.hu\/index.php\/3d-computer-vision\/\" data-type=\"page\" data-id=\"425\">3D Computer Vision<\/a><\/li>\n\n\n\n<li><a href=\"https:\/\/cv.inf.elte.hu\/index.php\/3d-sensing-and-sensor-fusion\/\" data-type=\"page\" data-id=\"427\">3D Sensing and Sensor Fusion<\/a><\/li>\n\n\n\n<li><a href=\"https:\/\/cv.inf.elte.hu\/index.php\/education\/aus-laboratory\/\">AUS Laboratory<\/a><\/li>\n\n\n\n<li><a href=\"https:\/\/cv.inf.elte.hu\/index.php\/education\/image-and-video-processing\/\">Image and Video Processing<\/a><\/li>\n<\/ul>\n\n\n\n<p><em>In Hungarian<\/em><\/p>\n\n\n\n<ul class=\"wp-block-list\">\n<li><a href=\"https:\/\/cv.inf.elte.hu\/index.php\/education\/gpu-programozas\/\">GPU programoz\u00e1s<\/a><\/li>\n\n\n\n<li><a href=\"https:\/\/cv.inf.elte.hu\/index.php\/education\/haromdimenzios-szamitogepes-latas\/\">H\u00e1romdimenzi\u00f3s sz\u00e1m\u00edt\u00f3g\u00e9pes l\u00e1t\u00e1s<\/a><\/li>\n<\/ul>\n\n\n\n<p><\/p>\n\n\n\n<p><\/p>\n","protected":false},"excerpt":{"rendered":"<p>Our educational activities involves the subjects as follows. For the details, click on the links. In English In Hungarian<\/p>\n","protected":false},"author":4,"featured_media":0,"parent":0,"menu_order":0,"comment_status":"closed","ping_status":"closed","template":"","meta":{"footnotes":""},"folder":[],"class_list":["post-422","page","type-page","status-publish","hentry"],"_links":{"self":[{"href":"https:\/\/cv.inf.elte.hu\/index.php\/wp-json\/wp\/v2\/pages\/422","targetHints":{"allow":["GET"]}}],"collection":[{"href":"https:\/\/cv.inf.elte.hu\/index.php\/wp-json\/wp\/v2\/pages"}],"about":[{"href":"https:\/\/cv.inf.elte.hu\/index.php\/wp-json\/wp\/v2\/types\/page"}],"author":[{"embeddable":true,"href":"https:\/\/cv.inf.elte.hu\/index.php\/wp-json\/wp\/v2\/users\/4"}],"replies":[{"embeddable":true,"href":"https:\/\/cv.inf.elte.hu\/index.php\/wp-json\/wp\/v2\/comments?post=422"}],"version-history":[{"count":8,"href":"https:\/\/cv.inf.elte.hu\/index.php\/wp-json\/wp\/v2\/pages\/422\/revisions"}],"predecessor-version":[{"id":1369,"href":"https:\/\/cv.inf.elte.hu\/index.php\/wp-json\/wp\/v2\/pages\/422\/revisions\/1369"}],"wp:attachment":[{"href":"https:\/\/cv.inf.elte.hu\/index.php\/wp-json\/wp\/v2\/media?parent=422"}],"wp:term":[{"taxonomy":"folder","embeddable":true,"href":"https:\/\/cv.inf.elte.hu\/index.php\/wp-json\/wp\/v2\/folder?post=422"}],"curies":[{"name":"wp","href":"https:\/\/api.w.org\/{rel}","templated":true}]}}