{"id":507,"date":"2024-09-26T09:30:29","date_gmt":"2024-09-26T09:30:29","guid":{"rendered":"https:\/\/cv.inf.elte.hu\/?page_id=507"},"modified":"2026-03-16T12:44:05","modified_gmt":"2026-03-16T12:44:05","slug":"gpu-programozas","status":"publish","type":"page","link":"https:\/\/cv.inf.elte.hu\/index.php\/education\/gpu-programozas\/","title":{"rendered":"GPU programoz\u00e1s"},"content":{"rendered":"\n<h3 class=\"wp-block-heading\">El\u0151ad\u00e1sok<\/h3>\n\n\n\n<ul class=\"wp-block-list\">\n<li>Febru\u00e1r 12\/19 : Hajder Levente bevezet\u0151je (cs\u00fct\u00f6rt\u00f6k 16:00 -t\u00f3l, 0.805 Fej\u00e9r Lip\u00f3t)<br><a href=\"https:\/\/cv.inf.elte.hu\/wp-content\/uploads\/2026\/02\/EA1-2.pdf\">\u00c1ltal\u00e1nos ismertet\u0151, bevezet\u00e9s a CPU architekt\u00far\u00e1kba<\/a><\/li>\n\n\n\n<li>Febru\u00e1r 26: <a href=\"https:\/\/cv.inf.elte.hu\/wp-content\/uploads\/2026\/02\/ELTE_IK_GPU_Ea.pdf\">Ber\u00e9nyi D\u00e1niel (vend\u00e9gel\u0151ad\u00f3) \u00f3r\u00e1ja<\/a><\/li>\n\n\n\n<li>M\u00e1rcius 4: <a href=\"https:\/\/docs.google.com\/presentation\/d\/1ZG5W7s2jG7vctuzBh-8TzsSFJhCQsepejQcZHm3pheY\/edit?usp=sharing\">Valasek G\u00e1bor &#8211; Sz\u00e1mok<\/a><\/li>\n\n\n\n<li>M\u00e1rcius 11: <a href=\"https:\/\/docs.google.com\/presentation\/d\/1igxEa8kQmOZPiROeYOxoXiNig-Im9oEcRUIGHaoBCrQ\/edit?usp=sharing\">Valasek G\u00e1bor &#8211; Hibasz\u00e1m\u00edt\u00e1s \u00e9s IEEE<\/a><\/li>\n\n\n\n<li>M\u00e1rcius 18: <a href=\"https:\/\/docs.google.com\/presentation\/d\/1MlYJHo952Tk6ZcgIesvh7qN5Cy8I_aTdAY5RwiTP0P4\/edit?usp=sharing\">Valasek G\u00e1bor &#8211; CPU architekt\u00far\u00e1k folytat\u00e1s<\/a><\/li>\n<\/ul>\n\n\n\n<h3 class=\"wp-block-heading\">Gyakorlatok<\/h3>\n\n\n\n<ul class=\"wp-block-list\">\n<li>Folyamatosan\n<ul class=\"wp-block-list\">\n<li>1. gyakorlati csoport: p\u00e9nteken 10:15-11:45 (2.219 Grafika Labor)<\/li>\n\n\n\n<li>2. gyakorlati csoport: p\u00e9nteken 12.30-14.00 (2.219 Grafika Labor)<\/li>\n\n\n\n<li>3. gyakorlati csoport: p\u00e9nteken 14.15-15.45 (2.219 Grafika Labor)<\/li>\n<\/ul>\n<\/li>\n<\/ul>\n\n\n\n<h2 class=\"wp-block-heading\">OpenCL<\/h2>\n\n\n\n<h3 class=\"wp-block-heading\">El\u0151ad\u00e1sok<\/h3>\n\n\n\n<ul class=\"wp-block-list\">\n<li><a href=\"https:\/\/cv.inf.elte.hu\/wp-content\/uploads\/2024\/09\/gpgpu-eng-01-Introduction.pdf\" data-type=\"link\" data-id=\"https:\/\/cv.inf.elte.hu\/wp-content\/uploads\/2024\/09\/gpgpu-eng-01-Introduction.pdf\">OpenCL 01 &#8211; Bevezet\u00e9s<\/a><\/li>\n\n\n\n<li><a href=\"https:\/\/cv.inf.elte.hu\/wp-content\/uploads\/2024\/09\/gpgpu-eng-02-OpenCL_API.pdf\">OpenCL 02 &#8211; OpenCL API<\/a><\/li>\n\n\n\n<li><a href=\"https:\/\/cv.inf.elte.hu\/wp-content\/uploads\/2024\/09\/gpgpu-eng-03-Parallel_Design_Patterns.pdf\">OpenCL 03 &#8211; Parallel Design Patterns<\/a><\/li>\n<\/ul>\n\n\n\n<h4 class=\"wp-block-heading\">Gyakorlati anyagok<\/h4>\n\n\n\n<ul class=\"wp-block-list\">\n<li><a href=\"https:\/\/szofttech.inf.elte.hu\/gpgpu\">https:\/\/szofttech.inf.elte.hu\/gpgpu<\/a><\/li>\n<\/ul>\n\n\n\n<h2 class=\"wp-block-heading\"><strong>CUDA<\/strong><\/h2>\n\n\n\n<h4 class=\"wp-block-heading\">El\u0151ad\u00e1sok<\/h4>\n\n\n\n<ul class=\"wp-block-list\">\n<li><a href=\"https:\/\/cv.inf.elte.hu\/wp-content\/uploads\/2025\/09\/CUDA_GPU_Programming.pdf\">CUDA 01 &#8211; GPU_Programming<\/a><\/li>\n<\/ul>\n\n\n\n<h4 class=\"wp-block-heading\">Gyakorlati anyagok<\/h4>\n\n\n\n<ul class=\"wp-block-list\">\n<li><a href=\"https:\/\/cv.inf.elte.hu\/wp-content\/uploads\/2025\/02\/vectorAdd.zip\">CUDA 01 &#8211; vectorAdd<\/a><\/li>\n<\/ul>\n\n\n\n<h2 class=\"wp-block-heading\"><strong>Beadand\u00f3 feladatok<\/strong><\/h2>\n\n\n\n<ul class=\"wp-block-list\">\n<li><a href=\"https:\/\/docs.google.com\/document\/d\/15x38bYtuHRw_0vjiJDCSkuslPVO1VjPjjNfWkqnX-rE\/edit#heading=h.a3thdwvdw4jo\">V\u00e1laszthat\u00f3 beadand\u00f3 feladatokat erre a linkre klikkelve lehet megn\u00e9zni<\/a><\/li>\n<\/ul>\n\n\n\n<p><\/p>\n","protected":false},"excerpt":{"rendered":"<p>El\u0151ad\u00e1sok Gyakorlatok OpenCL El\u0151ad\u00e1sok Gyakorlati anyagok CUDA El\u0151ad\u00e1sok Gyakorlati anyagok Beadand\u00f3 feladatok<\/p>\n","protected":false},"author":4,"featured_media":0,"parent":422,"menu_order":0,"comment_status":"closed","ping_status":"closed","template":"","meta":{"footnotes":""},"folder":[],"class_list":["post-507","page","type-page","status-publish","hentry"],"_links":{"self":[{"href":"https:\/\/cv.inf.elte.hu\/index.php\/wp-json\/wp\/v2\/pages\/507","targetHints":{"allow":["GET"]}}],"collection":[{"href":"https:\/\/cv.inf.elte.hu\/index.php\/wp-json\/wp\/v2\/pages"}],"about":[{"href":"https:\/\/cv.inf.elte.hu\/index.php\/wp-json\/wp\/v2\/types\/page"}],"author":[{"embeddable":true,"href":"https:\/\/cv.inf.elte.hu\/index.php\/wp-json\/wp\/v2\/users\/4"}],"replies":[{"embeddable":true,"href":"https:\/\/cv.inf.elte.hu\/index.php\/wp-json\/wp\/v2\/comments?post=507"}],"version-history":[{"count":58,"href":"https:\/\/cv.inf.elte.hu\/index.php\/wp-json\/wp\/v2\/pages\/507\/revisions"}],"predecessor-version":[{"id":1367,"href":"https:\/\/cv.inf.elte.hu\/index.php\/wp-json\/wp\/v2\/pages\/507\/revisions\/1367"}],"up":[{"embeddable":true,"href":"https:\/\/cv.inf.elte.hu\/index.php\/wp-json\/wp\/v2\/pages\/422"}],"wp:attachment":[{"href":"https:\/\/cv.inf.elte.hu\/index.php\/wp-json\/wp\/v2\/media?parent=507"}],"wp:term":[{"taxonomy":"folder","embeddable":true,"href":"https:\/\/cv.inf.elte.hu\/index.php\/wp-json\/wp\/v2\/folder?post=507"}],"curies":[{"name":"wp","href":"https:\/\/api.w.org\/{rel}","templated":true}]}}